{"id":10843,"date":"2026-03-25T08:55:05","date_gmt":"2026-03-25T08:55:05","guid":{"rendered":"https:\/\/www.dilia-dolomites.com\/kinderabenteuer\/"},"modified":"2026-04-07T10:03:14","modified_gmt":"2026-04-07T10:03:14","slug":"kinderabenteuer","status":"publish","type":"page","link":"https:\/\/www.dilia-dolomites.com\/it\/kinderabenteuer\/","title":{"rendered":"Kinderabenteuer"},"content":{"rendered":"\t\t<div data-elementor-type=\"wp-page\" data-elementor-id=\"10843\" class=\"elementor elementor-10843 elementor-10339\" data-elementor-post-type=\"page\">\n\t\t\t\t\t\t<section class=\"ob-is-breaking-bad elementor-section elementor-top-section elementor-element elementor-element-30b3d555 elementor-section-full_width elementor-section-height-default elementor-section-height-default\" data-id=\"30b3d555\" data-element_type=\"section\" data-e-type=\"section\" data-settings=\"{&quot;background_background&quot;:&quot;classic&quot;,&quot;_ob_bbad_use_it&quot;:&quot;yes&quot;,&quot;_ob_bbad_sssic_use&quot;:&quot;no&quot;,&quot;_ob_glider_is_slider&quot;:&quot;no&quot;}\">\n\t\t\t\t\t\t<div class=\"elementor-container elementor-column-gap-no\">\n\t\t\t\t\t<div class=\"elementor-column elementor-col-100 elementor-top-column elementor-element elementor-element-110325da\" data-id=\"110325da\" data-element_type=\"column\" data-e-type=\"column\" data-settings=\"{&quot;_ob_bbad_is_stalker&quot;:&quot;no&quot;,&quot;_ob_teleporter_use&quot;:false,&quot;_ob_column_hoveranimator&quot;:&quot;no&quot;,&quot;_ob_column_has_pseudo&quot;:&quot;no&quot;}\">\n\t\t\t<div class=\"elementor-widget-wrap elementor-element-populated\">\n\t\t\t\t\t\t<div class=\"elementor-element elementor-element-2605b808 el-slider elementor--h-position-center elementor--v-position-middle elementor-pagination-position-inside ob-has-background-overlay elementor-widget elementor-widget-slides\" data-id=\"2605b808\" data-element_type=\"widget\" data-e-type=\"widget\" data-settings=\"{&quot;navigation&quot;:&quot;dots&quot;,&quot;autoplay&quot;:&quot;yes&quot;,&quot;autoplay_speed&quot;:5000,&quot;infinite&quot;:&quot;yes&quot;,&quot;transition&quot;:&quot;slide&quot;,&quot;transition_speed&quot;:500,&quot;_ob_perspektive_use&quot;:&quot;no&quot;,&quot;_ob_poopart_use&quot;:&quot;yes&quot;,&quot;_ob_shadough_use&quot;:&quot;no&quot;,&quot;_ob_allow_hoveranimator&quot;:&quot;no&quot;,&quot;_ob_widget_stalker_use&quot;:&quot;no&quot;}\" data-widget_type=\"slides.default\">\n\t\t\t\t<div class=\"elementor-widget-container\">\n\t\t\t\t\t\t\t\t\t<div class=\"elementor-swiper\">\n\t\t\t\t\t<div class=\"elementor-slides-wrapper elementor-main-swiper swiper\" role=\"region\" aria-roledescription=\"carousel\" aria-label=\"Slider\" dir=\"ltr\" data-animation=\"fadeInUp\">\n\t\t\t\t<div class=\"swiper-wrapper elementor-slides\">\n\t\t\t\t\t\t\t\t\t\t<div class=\"elementor-repeater-item-51eb18f swiper-slide\" role=\"group\" aria-roledescription=\"slide\"><div class=\"swiper-slide-bg\" role=\"img\" aria-label=\"Dilia Dolomites Spielplatz\"><\/div><div class=\"swiper-slide-inner\" ><div class=\"swiper-slide-contents\"><\/div><\/div><\/div><div class=\"elementor-repeater-item-7afbf10 swiper-slide\" role=\"group\" aria-roledescription=\"slide\"><div class=\"swiper-slide-bg\" role=\"img\" aria-label=\"DSC01483_1.jpg_compressed\"><\/div><div class=\"swiper-slide-inner\" ><div class=\"swiper-slide-contents\"><\/div><\/div><\/div>\t\t\t\t<\/div>\n\t\t\t\t\t\t\t\t\t\t\t\t\t\t\t\t\t\t\t\t<div class=\"swiper-pagination\"><\/div>\n\t\t\t\t\t\t\t\t\t\t\t\t<\/div>\n\t\t\t\t<\/div>\n\t\t\t\t\t\t\t\t<\/div>\n\t\t\t\t<\/div>\n\t\t\t\t\t<\/div>\n\t\t<\/div>\n\t\t\t\t\t<\/div>\n\t\t<\/section>\n\t\t\t\t<section class=\"ob-is-breaking-bad elementor-section elementor-top-section elementor-element elementor-element-26671c5b elementor-section-boxed elementor-section-height-default elementor-section-height-default\" data-id=\"26671c5b\" data-element_type=\"section\" data-e-type=\"section\" data-settings=\"{&quot;background_background&quot;:&quot;classic&quot;,&quot;_ob_bbad_use_it&quot;:&quot;yes&quot;,&quot;_ob_bbad_sssic_use&quot;:&quot;no&quot;,&quot;_ob_glider_is_slider&quot;:&quot;no&quot;}\">\n\t\t\t\t\t\t<div class=\"elementor-container elementor-column-gap-default\">\n\t\t\t\t\t<div class=\"elementor-column elementor-col-100 elementor-top-column elementor-element elementor-element-29c6d44e elementor-invisible\" data-id=\"29c6d44e\" data-element_type=\"column\" data-e-type=\"column\" data-settings=\"{&quot;animation&quot;:&quot;fadeInUp&quot;,&quot;_ob_bbad_is_stalker&quot;:&quot;no&quot;,&quot;_ob_teleporter_use&quot;:false,&quot;_ob_column_hoveranimator&quot;:&quot;no&quot;,&quot;_ob_column_has_pseudo&quot;:&quot;no&quot;}\">\n\t\t\t<div class=\"elementor-widget-wrap elementor-element-populated\">\n\t\t\t\t\t\t<div class=\"elementor-element elementor-element-654bc014 ob-harakiri-inherit ob-has-background-overlay elementor-widget elementor-widget-heading\" data-id=\"654bc014\" data-element_type=\"widget\" data-e-type=\"widget\" data-settings=\"{&quot;_ob_use_harakiri&quot;:&quot;yes&quot;,&quot;_ob_harakiri_writing_mode&quot;:&quot;inherit&quot;,&quot;_ob_harakiri_text_clip&quot;:&quot;none&quot;,&quot;_ob_perspektive_use&quot;:&quot;no&quot;,&quot;_ob_poopart_use&quot;:&quot;yes&quot;,&quot;_ob_shadough_use&quot;:&quot;no&quot;,&quot;_ob_allow_hoveranimator&quot;:&quot;no&quot;,&quot;_ob_widget_stalker_use&quot;:&quot;no&quot;}\" data-widget_type=\"heading.default\">\n\t\t\t\t<div class=\"elementor-widget-container\">\n\t\t\t\t\t<h1 class=\"elementor-heading-title elementor-size-default\">Per i nostri piccoli ospiti<\/h1>\t\t\t\t<\/div>\n\t\t\t\t<\/div>\n\t\t\t\t<div class=\"elementor-element elementor-element-62d71476 ob-harakiri-inherit ob-has-background-overlay elementor-widget elementor-widget-text-editor\" data-id=\"62d71476\" data-element_type=\"widget\" data-e-type=\"widget\" data-settings=\"{&quot;_ob_use_harakiri&quot;:&quot;yes&quot;,&quot;_ob_harakiri_writing_mode&quot;:&quot;inherit&quot;,&quot;_ob_postman_use&quot;:&quot;no&quot;,&quot;_ob_perspektive_use&quot;:&quot;no&quot;,&quot;_ob_poopart_use&quot;:&quot;yes&quot;,&quot;_ob_shadough_use&quot;:&quot;no&quot;,&quot;_ob_allow_hoveranimator&quot;:&quot;no&quot;,&quot;_ob_widget_stalker_use&quot;:&quot;no&quot;}\" data-widget_type=\"text-editor.default\">\n\t\t\t\t<div class=\"elementor-widget-container\">\n\t\t\t\t\t\t\t\t\t<p>Al Dilia, il divertimento dei pi\u00f9 piccoli \u00e8 la nostra priorit\u00e0!<\/p><p>Il nostro ambiente familiare offre infinite possibilit\u00e0 per giocare, esplorare e scatenarsi, sia all&#8217;interno che all&#8217;esterno. Pareti per arrampicata, altalene e trampolino invitano i bambini a dare libero sfogo alla loro fantasia. Mentre i piccoli si divertono tra corse, scalate e castelli di sabbia, i genitori possono rilassarsi a bordo campo, godendosi l&#8217;aria pura di montagna e una vista mozzafiato.<\/p><p>Un&#8217;altra esperienza indimenticabile \u00e8 la visita al nostro zoo delle coccole, un&#8217;avventura che resta nel cuore di ogni bambino. In estate, il nostro laghetto naturale assicura un divertimento rinfrescante per tutta la famiglia, e non solo per sguazzare: i pontili in legno e le pietre naturali offrono tutto ci\u00f2 che serve per giocare, sedersi e osservare la natura.<\/p><p>E se il tempo non dovesse collaborare? Niente paura! All&#8217;interno \u00e8 disponibile un&#8217;accogliente saletta giochi dove i bambini potranno comunque divertirsi con calcio balilla, costruzioni in legno, una cucina giocattolo e molto altro ancora. La noia, qui, non \u00e8 di casa.<\/p>\t\t\t\t\t\t\t\t<\/div>\n\t\t\t\t<\/div>\n\t\t\t\t\t<\/div>\n\t\t<\/div>\n\t\t\t\t\t<\/div>\n\t\t<\/section>\n\t\t\t\t<section class=\"ob-is-breaking-bad elementor-section elementor-top-section elementor-element elementor-element-13bafd02 elementor-section-boxed elementor-section-height-default elementor-section-height-default\" data-id=\"13bafd02\" data-element_type=\"section\" data-e-type=\"section\" data-settings=\"{&quot;background_background&quot;:&quot;classic&quot;,&quot;_ob_bbad_use_it&quot;:&quot;yes&quot;,&quot;_ob_bbad_sssic_use&quot;:&quot;no&quot;,&quot;_ob_glider_is_slider&quot;:&quot;no&quot;}\">\n\t\t\t\t\t\t<div class=\"elementor-container elementor-column-gap-default\">\n\t\t\t\t\t<div class=\"elementor-column elementor-col-100 elementor-top-column elementor-element elementor-element-9baeb82\" data-id=\"9baeb82\" data-element_type=\"column\" data-e-type=\"column\" data-settings=\"{&quot;_ob_bbad_is_stalker&quot;:&quot;no&quot;,&quot;_ob_teleporter_use&quot;:false,&quot;_ob_column_hoveranimator&quot;:&quot;no&quot;,&quot;_ob_column_has_pseudo&quot;:&quot;no&quot;}\">\n\t\t\t<div class=\"elementor-widget-wrap elementor-element-populated\">\n\t\t\t\t\t\t<div class=\"elementor-element elementor-element-79ad35e ob-harakiri-inherit elementor-invisible ob-has-background-overlay elementor-widget elementor-widget-heading\" data-id=\"79ad35e\" data-element_type=\"widget\" data-e-type=\"widget\" data-settings=\"{&quot;_animation&quot;:&quot;fadeInRight&quot;,&quot;_ob_use_harakiri&quot;:&quot;yes&quot;,&quot;_ob_harakiri_writing_mode&quot;:&quot;inherit&quot;,&quot;_ob_harakiri_text_clip&quot;:&quot;none&quot;,&quot;_ob_perspektive_use&quot;:&quot;no&quot;,&quot;_ob_poopart_use&quot;:&quot;yes&quot;,&quot;_ob_shadough_use&quot;:&quot;no&quot;,&quot;_ob_allow_hoveranimator&quot;:&quot;no&quot;,&quot;_ob_widget_stalker_use&quot;:&quot;no&quot;}\" data-widget_type=\"heading.default\">\n\t\t\t\t<div class=\"elementor-widget-container\">\n\t\t\t\t\t<h5 class=\"elementor-heading-title elementor-size-default\">\"Il gioco \u00e8 il linguaggio dei bambini \u2013 e ogni gioco \u00e8 una piccola avventura.\"<\/h5>\t\t\t\t<\/div>\n\t\t\t\t<\/div>\n\t\t\t\t\t<\/div>\n\t\t<\/div>\n\t\t\t\t\t<\/div>\n\t\t<\/section>\n\t\t\t\t<\/div>\n\t\t","protected":false},"excerpt":{"rendered":"<p>Per i nostri piccoli ospiti Al Dilia, il divertimento dei pi\u00f9 piccoli \u00e8 la nostra priorit\u00e0! Il nostro ambiente familiare offre infinite possibilit\u00e0 per giocare, esplorare e scatenarsi, sia all&#8217;interno che all&#8217;esterno. Pareti per arrampicata, altalene e trampolino invitano i bambini a dare libero sfogo alla loro fantasia. Mentre i piccoli si divertono tra corse, [&hellip;]<\/p>\n","protected":false},"author":1,"featured_media":0,"parent":0,"menu_order":0,"comment_status":"closed","ping_status":"closed","template":"","meta":{"footnotes":""},"class_list":["post-10843","page","type-page","status-publish","hentry"],"yoast_head":"<!-- This site is optimized with the Yoast SEO plugin v27.1.1 - https:\/\/yoast.com\/product\/yoast-seo-wordpress\/ -->\n<title>Kinderabenteuer - Dilia Dolomites<\/title>\n<meta name=\"robots\" content=\"index, follow, max-snippet:-1, max-image-preview:large, max-video-preview:-1\" \/>\n<link rel=\"canonical\" href=\"https:\/\/www.dilia-dolomites.com\/it\/kinderabenteuer\/\" \/>\n<meta property=\"og:locale\" content=\"it_IT\" \/>\n<meta property=\"og:type\" content=\"article\" \/>\n<meta property=\"og:title\" content=\"Kinderabenteuer - Dilia Dolomites\" \/>\n<meta property=\"og:description\" content=\"Per i nostri piccoli ospiti Al Dilia, il divertimento dei pi\u00f9 piccoli \u00e8 la nostra priorit\u00e0! Il nostro ambiente familiare offre infinite possibilit\u00e0 per giocare, esplorare e scatenarsi, sia all&#8217;interno che all&#8217;esterno. Pareti per arrampicata, altalene e trampolino invitano i bambini a dare libero sfogo alla loro fantasia. Mentre i piccoli si divertono tra corse, [&hellip;]\" \/>\n<meta property=\"og:url\" content=\"https:\/\/www.dilia-dolomites.com\/it\/kinderabenteuer\/\" \/>\n<meta property=\"og:site_name\" content=\"Dilia Dolomites\" \/>\n<meta property=\"article:publisher\" content=\"https:\/\/www.facebook.com\/dilia.dolomites\" \/>\n<meta property=\"article:modified_time\" content=\"2026-04-07T10:03:14+00:00\" \/>\n<meta name=\"twitter:card\" content=\"summary_large_image\" \/>\n<meta name=\"twitter:label1\" content=\"Tempo di lettura stimato\" \/>\n\t<meta name=\"twitter:data1\" content=\"1 minuto\" \/>\n<script type=\"application\/ld+json\" class=\"yoast-schema-graph\">{\"@context\":\"https:\/\/schema.org\",\"@graph\":[{\"@type\":\"WebPage\",\"@id\":\"https:\/\/www.dilia-dolomites.com\/it\/kinderabenteuer\/\",\"url\":\"https:\/\/www.dilia-dolomites.com\/it\/kinderabenteuer\/\",\"name\":\"Kinderabenteuer - Dilia Dolomites\",\"isPartOf\":{\"@id\":\"https:\/\/www.dilia-dolomites.com\/#website\"},\"datePublished\":\"2026-03-25T08:55:05+00:00\",\"dateModified\":\"2026-04-07T10:03:14+00:00\",\"breadcrumb\":{\"@id\":\"https:\/\/www.dilia-dolomites.com\/it\/kinderabenteuer\/#breadcrumb\"},\"inLanguage\":\"it-IT\",\"potentialAction\":[{\"@type\":\"ReadAction\",\"target\":[\"https:\/\/www.dilia-dolomites.com\/it\/kinderabenteuer\/\"]}]},{\"@type\":\"BreadcrumbList\",\"@id\":\"https:\/\/www.dilia-dolomites.com\/it\/kinderabenteuer\/#breadcrumb\",\"itemListElement\":[{\"@type\":\"ListItem\",\"position\":1,\"name\":\"Startseite\",\"item\":\"https:\/\/www.dilia-dolomites.com\/it\/\"},{\"@type\":\"ListItem\",\"position\":2,\"name\":\"Kinderabenteuer\"}]},{\"@type\":\"WebSite\",\"@id\":\"https:\/\/www.dilia-dolomites.com\/#website\",\"url\":\"https:\/\/www.dilia-dolomites.com\/\",\"name\":\"Dilia Dolomites\",\"description\":\"Ferienwohnungen und Chalets in Spinges | S\u00fcdtirol\",\"publisher\":{\"@id\":\"https:\/\/www.dilia-dolomites.com\/#organization\"},\"potentialAction\":[{\"@type\":\"SearchAction\",\"target\":{\"@type\":\"EntryPoint\",\"urlTemplate\":\"https:\/\/www.dilia-dolomites.com\/?s={search_term_string}\"},\"query-input\":{\"@type\":\"PropertyValueSpecification\",\"valueRequired\":true,\"valueName\":\"search_term_string\"}}],\"inLanguage\":\"it-IT\"},{\"@type\":\"Organization\",\"@id\":\"https:\/\/www.dilia-dolomites.com\/#organization\",\"name\":\"Dilia Dolomites\",\"url\":\"https:\/\/www.dilia-dolomites.com\/\",\"logo\":{\"@type\":\"ImageObject\",\"inLanguage\":\"it-IT\",\"@id\":\"https:\/\/www.dilia-dolomites.com\/#\/schema\/logo\/image\/\",\"url\":\"https:\/\/www.dilia-dolomites.com\/wp-content\/uploads\/Dilia-Dolomites-Chalets.jpg\",\"contentUrl\":\"https:\/\/www.dilia-dolomites.com\/wp-content\/uploads\/Dilia-Dolomites-Chalets.jpg\",\"width\":2000,\"height\":1482,\"caption\":\"Dilia Dolomites\"},\"image\":{\"@id\":\"https:\/\/www.dilia-dolomites.com\/#\/schema\/logo\/image\/\"},\"sameAs\":[\"https:\/\/www.facebook.com\/dilia.dolomites\",\"https:\/\/www.instagram.com\/dilia.dolomites\/\"]}]}<\/script>\n<!-- \/ Yoast SEO plugin. -->","yoast_head_json":{"title":"Kinderabenteuer - Dilia Dolomites","robots":{"index":"index","follow":"follow","max-snippet":"max-snippet:-1","max-image-preview":"max-image-preview:large","max-video-preview":"max-video-preview:-1"},"canonical":"https:\/\/www.dilia-dolomites.com\/it\/kinderabenteuer\/","og_locale":"it_IT","og_type":"article","og_title":"Kinderabenteuer - Dilia Dolomites","og_description":"Per i nostri piccoli ospiti Al Dilia, il divertimento dei pi\u00f9 piccoli \u00e8 la nostra priorit\u00e0! Il nostro ambiente familiare offre infinite possibilit\u00e0 per giocare, esplorare e scatenarsi, sia all&#8217;interno che all&#8217;esterno. Pareti per arrampicata, altalene e trampolino invitano i bambini a dare libero sfogo alla loro fantasia. Mentre i piccoli si divertono tra corse, [&hellip;]","og_url":"https:\/\/www.dilia-dolomites.com\/it\/kinderabenteuer\/","og_site_name":"Dilia Dolomites","article_publisher":"https:\/\/www.facebook.com\/dilia.dolomites","article_modified_time":"2026-04-07T10:03:14+00:00","twitter_card":"summary_large_image","twitter_misc":{"Tempo di lettura stimato":"1 minuto"},"schema":{"@context":"https:\/\/schema.org","@graph":[{"@type":"WebPage","@id":"https:\/\/www.dilia-dolomites.com\/it\/kinderabenteuer\/","url":"https:\/\/www.dilia-dolomites.com\/it\/kinderabenteuer\/","name":"Kinderabenteuer - Dilia Dolomites","isPartOf":{"@id":"https:\/\/www.dilia-dolomites.com\/#website"},"datePublished":"2026-03-25T08:55:05+00:00","dateModified":"2026-04-07T10:03:14+00:00","breadcrumb":{"@id":"https:\/\/www.dilia-dolomites.com\/it\/kinderabenteuer\/#breadcrumb"},"inLanguage":"it-IT","potentialAction":[{"@type":"ReadAction","target":["https:\/\/www.dilia-dolomites.com\/it\/kinderabenteuer\/"]}]},{"@type":"BreadcrumbList","@id":"https:\/\/www.dilia-dolomites.com\/it\/kinderabenteuer\/#breadcrumb","itemListElement":[{"@type":"ListItem","position":1,"name":"Startseite","item":"https:\/\/www.dilia-dolomites.com\/it\/"},{"@type":"ListItem","position":2,"name":"Kinderabenteuer"}]},{"@type":"WebSite","@id":"https:\/\/www.dilia-dolomites.com\/#website","url":"https:\/\/www.dilia-dolomites.com\/","name":"Dilia Dolomites","description":"Ferienwohnungen und Chalets in Spinges | S\u00fcdtirol","publisher":{"@id":"https:\/\/www.dilia-dolomites.com\/#organization"},"potentialAction":[{"@type":"SearchAction","target":{"@type":"EntryPoint","urlTemplate":"https:\/\/www.dilia-dolomites.com\/?s={search_term_string}"},"query-input":{"@type":"PropertyValueSpecification","valueRequired":true,"valueName":"search_term_string"}}],"inLanguage":"it-IT"},{"@type":"Organization","@id":"https:\/\/www.dilia-dolomites.com\/#organization","name":"Dilia Dolomites","url":"https:\/\/www.dilia-dolomites.com\/","logo":{"@type":"ImageObject","inLanguage":"it-IT","@id":"https:\/\/www.dilia-dolomites.com\/#\/schema\/logo\/image\/","url":"https:\/\/www.dilia-dolomites.com\/wp-content\/uploads\/Dilia-Dolomites-Chalets.jpg","contentUrl":"https:\/\/www.dilia-dolomites.com\/wp-content\/uploads\/Dilia-Dolomites-Chalets.jpg","width":2000,"height":1482,"caption":"Dilia Dolomites"},"image":{"@id":"https:\/\/www.dilia-dolomites.com\/#\/schema\/logo\/image\/"},"sameAs":["https:\/\/www.facebook.com\/dilia.dolomites","https:\/\/www.instagram.com\/dilia.dolomites\/"]}]}},"_links":{"self":[{"href":"https:\/\/www.dilia-dolomites.com\/it\/wp-json\/wp\/v2\/pages\/10843","targetHints":{"allow":["GET"]}}],"collection":[{"href":"https:\/\/www.dilia-dolomites.com\/it\/wp-json\/wp\/v2\/pages"}],"about":[{"href":"https:\/\/www.dilia-dolomites.com\/it\/wp-json\/wp\/v2\/types\/page"}],"author":[{"embeddable":true,"href":"https:\/\/www.dilia-dolomites.com\/it\/wp-json\/wp\/v2\/users\/1"}],"replies":[{"embeddable":true,"href":"https:\/\/www.dilia-dolomites.com\/it\/wp-json\/wp\/v2\/comments?post=10843"}],"version-history":[{"count":3,"href":"https:\/\/www.dilia-dolomites.com\/it\/wp-json\/wp\/v2\/pages\/10843\/revisions"}],"predecessor-version":[{"id":10846,"href":"https:\/\/www.dilia-dolomites.com\/it\/wp-json\/wp\/v2\/pages\/10843\/revisions\/10846"}],"wp:attachment":[{"href":"https:\/\/www.dilia-dolomites.com\/it\/wp-json\/wp\/v2\/media?parent=10843"}],"curies":[{"name":"wp","href":"https:\/\/api.w.org\/{rel}","templated":true}]}}